 {"id":309,"date":"2016-12-09T07:34:03","date_gmt":"2016-12-09T07:34:03","guid":{"rendered":"http:\/\/localhost\/buildpro\/?page_id=309"},"modified":"2020-06-22T08:39:46","modified_gmt":"2020-06-22T08:39:46","slug":"hakkimizda","status":"publish","type":"page","link":"https:\/\/www.gmiinsaat.com.tr\/?page_id=309","title":{"rendered":"Hakk\u0131m\u0131zda"},"content":{"rendered":"<p>[vc_row][vc_column][vc_column_text]<\/p>\n<p style=\"text-align: justify;\"><span style=\"font-size: 14pt;\">Kalite, g\u00fcven ve sayg\u0131nl\u0131k ilkeleri ile kurumsal firmalarda edindi\u011fimiz tecr\u00fcbelerimiz neticesinde \u015eubat 2020 y\u0131l\u0131ndan itibaren kendi \u015firketimiz GM\u0130 \u0130n\u015faat Taahh\u00fct Sanayi ve Ticaret Ltd. \u015eti.\u00a0 b\u00fcnyesinde faaliyet g\u00f6stermeye ba\u015flam\u0131\u015f bulunmaktay\u0131z.Firmam\u0131z, projelerde sundu\u011fu kalite ve yaratt\u0131\u011f\u0131 g\u00fcven ile g\u00fc\u00e7l\u00fc referanslar edinen\u00a0 ge\u00e7mi\u015fin bilgi, beceri ve deneyimlerini; modern teknoloji,\u00a0 gen\u00e7 ve yarat\u0131c\u0131 insan kaynaklar\u0131, sekt\u00f6rde ki geli\u015fmeleri takip eden y\u00f6netim kadrosu ile yo\u011furarak faaliyet g\u00f6sterdi\u011fi t\u00fcm i\u015f kollar\u0131nda bundan \u00f6nce oldu\u011fu gibi bundan sonra da,\u00a0 hizmet vermeye devam edecektir.<\/span><\/p>\n<p>[\/vc_column_text][vc_empty_space][vc_row_inner][vc_column_inner width=&#8221;1\/2&#8243;]\n\t\t<div class=\"feature-box-small-icon \">\n        <span class=\"icon\">\n        \t<i class=\"icon_comment_alt id-color\"><\/i>\n        <\/span>\n        <div class=\"text\">\n            <h3>Vizyonumuz<\/h3>\n            <\/p>\n<p style=\"text-align: left;\">Profesyonel \u00e7al\u0131\u015fma ekiplerimiz sayesinde kaliteden \u00f6d\u00fcn vermeksizin ba\u015farma tutkumuz ile m\u00fc\u015fterilerimize en iyi ve en kaliteli hizmeti vermek.<\/p>\n<p>        <\/div>\n    <\/div>\n    \n[\/vc_column_inner][vc_column_inner width=&#8221;1\/2&#8243;]\n\t\t<div class=\"feature-box-small-icon \">\n        <span class=\"icon\">\n        \t<i class=\"icon_clock_alt id-color\"><\/i>\n        <\/span>\n        <div class=\"text\">\n            <h3>Misyonumuz<\/h3>\n            <\/p>\n<p style=\"text-align: justify;\">Ge\u00e7mi\u015ften bug\u00fcne s\u00fcregelen i\u015f anlay\u0131\u015f\u0131m\u0131za uygun olarak en modern ekipman ve m\u00fchendislik y\u00f6ntemleri ile; hedefimiz, i\u015flerimizin kaliteden \u00f6d\u00fcn verilmeksizin zaman\u0131nda, y\u00fcksek verimlilik ve karl\u0131l\u0131k i\u00e7erisinde bitirilmesini ve ortaya \u00e7\u0131kacak m\u00fc\u015fteri memnuniyetinin gelecekteki i\u015flerimiz i\u00e7in de referans te\u015fkil etmesini sa\u011flamaktad\u0131r.<\/p>\n<p>        <\/div>\n    <\/div>\n    \n[\/vc_column_inner][\/vc_row_inner][\/vc_column][\/vc_row]<\/p>\n","protected":false},"excerpt":{"rendered":"<p>[vc_row][vc_column][vc_column_text] Kalite, g\u00fcven ve sayg\u0131nl\u0131k ilkeleri ile kurumsal firmalarda edindi\u011fimiz tecr\u00fcbelerimiz neticesinde \u015eubat 2020 y\u0131l\u0131ndan itibaren kendi \u015firketimiz GM\u0130 \u0130n\u015faat Taahh\u00fct Sanayi ve Ticaret Ltd. \u015eti.\u00a0 b\u00fcnyesinde faaliyet g\u00f6stermeye ba\u015flam\u0131\u015f bulunmaktay\u0131z.Firmam\u0131z, projelerde sundu\u011fu kalite ve yaratt\u0131\u011f\u0131 g\u00fcven ile g\u00fc\u00e7l\u00fc referanslar edinen\u00a0 ge\u00e7mi\u015fin bilgi, beceri ve deneyimlerini; modern teknoloji,\u00a0 gen\u00e7 ve yarat\u0131c\u0131 insan kaynaklar\u0131, sekt\u00f6rde ki [&hellip;]<\/p>\n","protected":false},"author":1,"featured_media":0,"parent":0,"menu_order":0,"comment_status":"closed","ping_status":"closed","template":"page-templates\/template-fullwidth.php","meta":{"footnotes":""},"class_list":["post-309","page","type-page","status-publish","hentry"],"_links":{"self":[{"href":"https:\/\/www.gmiinsaat.com.tr\/index.php?rest_route=\/wp\/v2\/pages\/309","targetHints":{"allow":["GET"]}}],"collection":[{"href":"https:\/\/www.gmiinsaat.com.tr\/index.php?rest_route=\/wp\/v2\/pages"}],"about":[{"href":"https:\/\/www.gmiinsaat.com.tr\/index.php?rest_route=\/wp\/v2\/types\/page"}],"author":[{"embeddable":true,"href":"https:\/\/www.gmiinsaat.com.tr\/index.php?rest_route=\/wp\/v2\/users\/1"}],"replies":[{"embeddable":true,"href":"https:\/\/www.gmiinsaat.com.tr\/index.php?rest_route=%2Fwp%2Fv2%2Fcomments&post=309"}],"version-history":[{"count":10,"href":"https:\/\/www.gmiinsaat.com.tr\/index.php?rest_route=\/wp\/v2\/pages\/309\/revisions"}],"predecessor-version":[{"id":1331,"href":"https:\/\/www.gmiinsaat.com.tr\/index.php?rest_route=\/wp\/v2\/pages\/309\/revisions\/1331"}],"wp:attachment":[{"href":"https:\/\/www.gmiinsaat.com.tr\/index.php?rest_route=%2Fwp%2Fv2%2Fmedia&parent=309"}],"curies":[{"name":"wp","href":"https:\/\/api.w.org\/{rel}","templated":true}]}}