 {"id":265,"date":"2016-12-08T09:12:02","date_gmt":"2016-12-08T09:12:02","guid":{"rendered":"http:\/\/localhost\/buildpro\/?page_id=265"},"modified":"2020-06-17T10:54:18","modified_gmt":"2020-06-17T10:54:18","slug":"hizmetlerimiz","status":"publish","type":"page","link":"https:\/\/www.gmiinsaat.com.tr\/?page_id=265","title":{"rendered":"Hizmetlerimiz"},"content":{"rendered":"<p>[vc_section][vc_row][vc_column width=&#8221;1\/3&#8243;][vc_single_image image=&#8221;1206&#8243; img_size=&#8221;512&#215;254&#8243; alignment=&#8221;center&#8221; style=&#8221;vc_box_outline&#8221; border_color=&#8221;blue&#8221;][vc_empty_space height=&#8221;10px&#8221;][vc_column_text]<\/p>\n<p style=\"text-align: center;\"><span style=\"font-family: arial, helvetica, sans-serif; font-size: 14pt;\"><strong>\u0130nce \u0130\u015fler<\/strong> <\/span><\/p>\n<p style=\"text-align: center;\"><span style=\"font-family: arial, helvetica, sans-serif; font-size: 12pt; color: #000000;\">Duvar, s\u0131va, al\u00e7\u0131pan i\u015fleri, boya i\u015fleri<\/span><\/p>\n<p>[\/vc_column_text][vc_empty_space][vc_single_image image=&#8221;1241&#8243; img_size=&#8221;512&#215;254&#8243; alignment=&#8221;center&#8221; style=&#8221;vc_box_outline&#8221; border_color=&#8221;blue&#8221;][vc_empty_space height=&#8221;10px&#8221;][vc_column_text]<\/p>\n<p style=\"text-align: center;\"><span style=\"font-family: arial, helvetica, sans-serif; font-size: 14pt;\"><strong>Cephe \u0130\u015fleri<\/strong><\/span><\/p>\n<p style=\"text-align: center;\"><span style=\"font-family: arial, helvetica, sans-serif; font-size: 12pt; color: #000000;\">Mantolama, giydirme cephe i\u015fleri<br \/>\n<\/span><\/p>\n<p>[\/vc_column_text][\/vc_column][vc_column width=&#8221;1\/3&#8243;][vc_single_image image=&#8221;1200&#8243; img_size=&#8221;512&#215;254&#8243; alignment=&#8221;center&#8221; style=&#8221;vc_box_outline&#8221; border_color=&#8221;blue&#8221;][vc_empty_space height=&#8221;10px&#8221;][vc_column_text]<\/p>\n<p style=\"text-align: center;\"><strong><span style=\"font-family: arial, helvetica, sans-serif; font-size: 14pt;\">Kaba \u0130\u015fler<\/span><\/strong><\/p>\n<p style=\"text-align: center;\"><span style=\"font-family: arial, helvetica, sans-serif; font-size: 12pt;\">Betonarme \u0130malatlar , \u015eap \u0130\u015fleri<\/span><\/p>\n<p>[\/vc_column_text][vc_empty_space][vc_single_image image=&#8221;1245&#8243; img_size=&#8221;512&#215;254&#8243; alignment=&#8221;center&#8221; style=&#8221;vc_box_outline&#8221; border_color=&#8221;blue&#8221;][vc_empty_space height=&#8221;10px&#8221;][vc_column_text]<\/p>\n<p style=\"text-align: center;\"><span style=\"font-family: arial, helvetica, sans-serif; font-size: 14pt;\"><strong>Altyap\u0131 \u0130\u015fleri<\/strong><\/span><\/p>\n<p>[\/vc_column_text][\/vc_column][vc_column width=&#8221;1\/3&#8243;][vc_single_image image=&#8221;1204&#8243; img_size=&#8221;512&#215;254&#8243; alignment=&#8221;center&#8221; style=&#8221;vc_box_outline&#8221; border_color=&#8221;blue&#8221;][vc_empty_space height=&#8221;10px&#8221;][vc_column_text]<\/p>\n<p style=\"text-align: center;\"><strong><span style=\"font-family: arial, helvetica, sans-serif; font-size: 14pt;\">\u00c7elik \u0130\u015fler<\/span><\/strong><\/p>\n<p style=\"text-align: center;\"><span style=\"font-family: arial, helvetica, sans-serif; font-size: 12pt;\">Her t\u00fcrl\u00fc \u00c7elik konstr\u00fcksiyon imalat\u0131, g\u00fc\u00e7lendirme i\u015fleri<\/span><\/p>\n<p>[\/vc_column_text][\/vc_column][\/vc_row][\/vc_section]<\/p>\n","protected":false},"excerpt":{"rendered":"<p>[vc_section][vc_row][vc_column width=&#8221;1\/3&#8243;][vc_single_image image=&#8221;1206&#8243; img_size=&#8221;512&#215;254&#8243; alignment=&#8221;center&#8221; style=&#8221;vc_box_outline&#8221; border_color=&#8221;blue&#8221;][vc_empty_space height=&#8221;10px&#8221;][vc_column_text] \u0130nce \u0130\u015fler Duvar, s\u0131va, al\u00e7\u0131pan i\u015fleri, boya i\u015fleri [\/vc_column_text][vc_empty_space][vc_single_image image=&#8221;1241&#8243; img_size=&#8221;512&#215;254&#8243; alignment=&#8221;center&#8221; style=&#8221;vc_box_outline&#8221; border_color=&#8221;blue&#8221;][vc_empty_space height=&#8221;10px&#8221;][vc_column_text] Cephe \u0130\u015fleri Mantolama, giydirme cephe i\u015fleri [\/vc_column_text][\/vc_column][vc_column width=&#8221;1\/3&#8243;][vc_single_image image=&#8221;1200&#8243; img_size=&#8221;512&#215;254&#8243; alignment=&#8221;center&#8221; style=&#8221;vc_box_outline&#8221; border_color=&#8221;blue&#8221;][vc_empty_space height=&#8221;10px&#8221;][vc_column_text] Kaba \u0130\u015fler Betonarme \u0130malatlar , \u015eap \u0130\u015fleri [\/vc_column_text][vc_empty_space][vc_single_image image=&#8221;1245&#8243; img_size=&#8221;512&#215;254&#8243; alignment=&#8221;center&#8221; style=&#8221;vc_box_outline&#8221; border_color=&#8221;blue&#8221;][vc_empty_space height=&#8221;10px&#8221;][vc_column_text] Altyap\u0131 \u0130\u015fleri [\/vc_column_text][\/vc_column][vc_column width=&#8221;1\/3&#8243;][vc_single_image [&hellip;]<\/p>\n","protected":false},"author":1,"featured_media":0,"parent":0,"menu_order":0,"comment_status":"closed","ping_status":"closed","template":"page-templates\/template-fullwidth.php","meta":{"footnotes":""},"class_list":["post-265","page","type-page","status-publish","hentry"],"_links":{"self":[{"href":"https:\/\/www.gmiinsaat.com.tr\/index.php?rest_route=\/wp\/v2\/pages\/265","targetHints":{"allow":["GET"]}}],"collection":[{"href":"https:\/\/www.gmiinsaat.com.tr\/index.php?rest_route=\/wp\/v2\/pages"}],"about":[{"href":"https:\/\/www.gmiinsaat.com.tr\/index.php?rest_route=\/wp\/v2\/types\/page"}],"author":[{"embeddable":true,"href":"https:\/\/www.gmiinsaat.com.tr\/index.php?rest_route=\/wp\/v2\/users\/1"}],"replies":[{"embeddable":true,"href":"https:\/\/www.gmiinsaat.com.tr\/index.php?rest_route=%2Fwp%2Fv2%2Fcomments&post=265"}],"version-history":[{"count":38,"href":"https:\/\/www.gmiinsaat.com.tr\/index.php?rest_route=\/wp\/v2\/pages\/265\/revisions"}],"predecessor-version":[{"id":1246,"href":"https:\/\/www.gmiinsaat.com.tr\/index.php?rest_route=\/wp\/v2\/pages\/265\/revisions\/1246"}],"wp:attachment":[{"href":"https:\/\/www.gmiinsaat.com.tr\/index.php?rest_route=%2Fwp%2Fv2%2Fmedia&parent=265"}],"curies":[{"name":"wp","href":"https:\/\/api.w.org\/{rel}","templated":true}]}}